{"id":13,"date":"2019-08-28T09:13:34","date_gmt":"2019-08-28T09:13:34","guid":{"rendered":"http:\/\/demo.keonthemes.com\/travelbiz\/?page_id=13"},"modified":"2023-08-14T08:52:45","modified_gmt":"2023-08-14T08:52:45","slug":"voyage-culturel","status":"publish","type":"page","link":"https:\/\/www.goviptravel.org\/fr\/voyage-culturel\/","title":{"rendered":"Le parcours fascinant des cotes Lycienne et \u00e9g\u00e9enne"},"content":{"rendered":"\n<h4>Y COMPRIS HOTEL 5* ET BILLETS D&rsquo;AVION<\/h4>\n\n\n\n<h2 class=\"has-red-color has-text-color\">Jour 1<\/h2>\n\n\n\n<h3>Arriv\u00e9e \u00e0 Izmir<\/h3>\n\n\n\n<p>Envol pour Izmir. Votre guide vous accueillera \u00e0 l&rsquo;a\u00e9roport et vous accompagnera \u00e0 votre hotel \u00e0 Kusadasi avec un transfert VIP. Nuit et diner \u00e0 Kusadasi \u00e0 l&rsquo;hotel Charisma. <\/p>\n\n\n\n<p>( <a rel=\"noreferrer noopener\" href=\"http:\/\/www.charismahotel.com\" target=\"_blank\">http:\/\/www.charismahotel.com<\/a> )<\/p>\n\n\n\n<figure class=\"wp-block-image size-full\"><img loading=\"lazy\" width=\"1200\" height=\"700\" src=\"https:\/\/www.goviptravel.org\/fr\/wp-content\/uploads\/sites\/5\/2022\/04\/artemis1.jpg\" alt=\"\" class=\"wp-image-463\" srcset=\"https:\/\/www.goviptravel.org\/fr\/wp-content\/uploads\/sites\/5\/2022\/04\/artemis1.jpg 1200w, https:\/\/www.goviptravel.org\/fr\/wp-content\/uploads\/sites\/5\/2022\/04\/artemis1-300x175.jpg 300w, https:\/\/www.goviptravel.org\/fr\/wp-content\/uploads\/sites\/5\/2022\/04\/artemis1-1024x597.jpg 1024w, https:\/\/www.goviptravel.org\/fr\/wp-content\/uploads\/sites\/5\/2022\/04\/artemis1-768x448.jpg 768w\" sizes=\"(max-width: 1200px) 100vw, 1200px\" \/><\/figure>\n\n\n\n<h2 class=\"has-red-color has-text-color\">Jour 2<\/h2>\n\n\n\n<h3>Temple d&rsquo;Artemis, Eph\u00e8se, Sirince<\/h3>\n\n\n\n<p>Aujourd&rsquo;hui, des incontournables culturels de renomm\u00e9e mondiale sont au programme. L&rsquo;une des villes antiques les plus importantes du monde, \u00c9ph\u00e8se est notre destination le matin. De la biblioth\u00e8que Celsus au grand th\u00e9\u00e2tre, la ville vieille de 2000 ans transmet toujours la splendeur de l&rsquo;antiquit\u00e9 grecque. Selon \u00c9ph\u00e8se, la visite ult\u00e9rieure de l&rsquo;une des sept merveilles du monde antique, le temple d&rsquo;Art\u00e9mis, est un must.<\/p>\n\n\n\n<p><br>Dans l&rsquo;apr\u00e8s-midi, nous continuons vers le village local de Sirince, connu pour son excellent vin et ses maisons anciennes incomparables et authentiques. Un r\u00e9gal pour les yeux et le palais vous attend. En fin d&rsquo;apr\u00e8s-midi, nous vous recommandons de profiter du coucher de soleil unique. Nuit \u00e0 Kusadasi \u00e0 l&rsquo;h\u00f4tel Charisma.<\/p>\n\n\n\n<figure class=\"wp-block-image size-full\"><img loading=\"lazy\" width=\"1920\" height=\"755\" src=\"https:\/\/www.goviptravel.org\/fr\/wp-content\/uploads\/sites\/5\/2022\/04\/pamukkale0-1.jpg\" alt=\"\" class=\"wp-image-467\" srcset=\"https:\/\/www.goviptravel.org\/fr\/wp-content\/uploads\/sites\/5\/2022\/04\/pamukkale0-1.jpg 1920w, https:\/\/www.goviptravel.org\/fr\/wp-content\/uploads\/sites\/5\/2022\/04\/pamukkale0-1-300x118.jpg 300w, https:\/\/www.goviptravel.org\/fr\/wp-content\/uploads\/sites\/5\/2022\/04\/pamukkale0-1-1024x403.jpg 1024w, https:\/\/www.goviptravel.org\/fr\/wp-content\/uploads\/sites\/5\/2022\/04\/pamukkale0-1-768x302.jpg 768w, https:\/\/www.goviptravel.org\/fr\/wp-content\/uploads\/sites\/5\/2022\/04\/pamukkale0-1-1536x604.jpg 1536w\" sizes=\"(max-width: 1920px) 100vw, 1920px\" \/><\/figure>\n\n\n\n<h2 class=\"has-red-color has-text-color\">Jour 3<\/h2>\n\n\n\n<h3>Pamukkale<\/h3>\n\n\n\n<p>Aujourd&rsquo;hui, nous partons de la c\u00f4te \u00e9g\u00e9enne sur la vall\u00e9e sinueuse vers les montagnes du Taurus.<\/p>\n\n\n\n<p><br>Dans l&rsquo;apr\u00e8s-midi, les terrasses calcaires de Pamukkale seront atteintes.<\/p>\n\n\n\n<p><br>Ces terrasses merveilleusement blanches ont \u00e9t\u00e9 cr\u00e9\u00e9es au cours des mill\u00e9naires par les sources thermales souterraines, et dans des endroits vous pouvez les ressentir \u00e9galement. Nuit \u00e0 l&rsquo;h\u00f4tel thermal Adempira \u00e0 Pamukkale.<\/p>\n\n\n\n<p>( <a rel=\"noreferrer noopener\" href=\"http:\/\/www.adempirahotel.com\" target=\"_blank\">http:\/\/www.adempirahotel.com<\/a> )<\/p>\n\n\n\n<figure class=\"wp-block-image size-full\"><img loading=\"lazy\" width=\"1921\" height=\"756\" src=\"https:\/\/www.goviptravel.org\/fr\/wp-content\/uploads\/sites\/5\/2022\/04\/carpet0-1.jpg\" alt=\"\" class=\"wp-image-470\" srcset=\"https:\/\/www.goviptravel.org\/fr\/wp-content\/uploads\/sites\/5\/2022\/04\/carpet0-1.jpg 1921w, https:\/\/www.goviptravel.org\/fr\/wp-content\/uploads\/sites\/5\/2022\/04\/carpet0-1-300x118.jpg 300w, https:\/\/www.goviptravel.org\/fr\/wp-content\/uploads\/sites\/5\/2022\/04\/carpet0-1-1024x403.jpg 1024w, https:\/\/www.goviptravel.org\/fr\/wp-content\/uploads\/sites\/5\/2022\/04\/carpet0-1-768x302.jpg 768w, https:\/\/www.goviptravel.org\/fr\/wp-content\/uploads\/sites\/5\/2022\/04\/carpet0-1-1536x604.jpg 1536w\" sizes=\"(max-width: 1921px) 100vw, 1921px\" \/><\/figure>\n\n\n\n<h2 class=\"has-red-color has-text-color\">Jour 4<\/h2>\n\n\n\n<h3>Hi\u00e9rapolis &#8211; Antalya<\/h3>\n\n\n\n<p>L&rsquo;ancienne Hi\u00e9rapolis avec son immense th\u00e9\u00e2tre et sa n\u00e9cropole est aujourd&rsquo;hui un patrimoine culturel et naturel mondial de l&rsquo;UNESCO. Nous nous prom\u00e8nerons dans les ruines de cette ville puissante. Nous visiterons l&rsquo;usine de tapis dans les montagnes du Taurus en fin de matin\u00e9e o\u00f9 M. Fahri Sayman vous attend en personne pour vous offrir votre cadeau personnel et vous montrer les nouvelles collections de tapis. Nous continuerons vers Antalya apr\u00e8s notre<br>visite. Nuit \u00e0 Antalya \u00e0 l&rsquo;h\u00f4tel TITANIC.<\/p>\n\n\n\n<figure class=\"wp-block-image size-full\"><img loading=\"lazy\" width=\"1200\" height=\"728\" src=\"https:\/\/www.goviptravel.org\/fr\/wp-content\/uploads\/sites\/5\/2022\/04\/aspendos1.jpg\" alt=\"\" class=\"wp-image-473\" srcset=\"https:\/\/www.goviptravel.org\/fr\/wp-content\/uploads\/sites\/5\/2022\/04\/aspendos1.jpg 1200w, https:\/\/www.goviptravel.org\/fr\/wp-content\/uploads\/sites\/5\/2022\/04\/aspendos1-300x182.jpg 300w, https:\/\/www.goviptravel.org\/fr\/wp-content\/uploads\/sites\/5\/2022\/04\/aspendos1-1024x621.jpg 1024w, https:\/\/www.goviptravel.org\/fr\/wp-content\/uploads\/sites\/5\/2022\/04\/aspendos1-768x466.jpg 768w\" sizes=\"(max-width: 1200px) 100vw, 1200px\" \/><\/figure>\n\n\n\n<h2 class=\"has-red-color has-text-color\">Jour 5-6<\/h2>\n\n\n\n<h3>Aspendos &#8211; Antalya<\/h3>\n\n\n\n<p>Aujourd&rsquo;hui, nous visiterons le paradis des vacances d&rsquo;Antalya. En d\u00e9but de journ\u00e9e, l&rsquo;imposant th\u00e9\u00e2tre Aspendos est au programme. Nous consacrons le reste de la journ\u00e9e \u00e0 la ville d&rsquo;Antalya. La vieille ville d&rsquo;Antalya, la c\u00e9l\u00e8bre porte d&rsquo;Hadrien, la cascade de D\u00fcden ne sont que quelques-uns des autres sites de notre programme. Nuit \u00e0 Antalya \u00e0 l&rsquo;h\u00f4tel TITANIC.<\/p>\n\n\n\n<h2 class=\"has-red-color has-text-color\">Jour 7<\/h2>\n\n\n\n<h3>D\u00e9part<\/h3>\n\n\n\n<p>Malheureusement, il est d\u00e9j\u00e0 temps pour le vol de retour. Nous esp\u00e9rons que vous avez pass\u00e9 un agr\u00e9able s\u00e9jour et nous avons h\u00e2te de vous revoir bient\u00f4t.<\/p>\n","protected":false},"excerpt":{"rendered":"<p>Y COMPRIS HOTEL 5* ET BILLETS D&rsquo;AVION Jour 1 Arriv\u00e9e \u00e0 Izmir Envol pour Izmir. Votre guide vous accueillera \u00e0 l&rsquo;a\u00e9roport et vous accompagnera \u00e0 votre hotel \u00e0 Kusadasi avec un transfert VIP. Nuit et diner \u00e0 Kusadasi \u00e0 l&rsquo;hotel Charisma. ( http:\/\/www.charismahotel.com ) Jour 2 Temple d&rsquo;Artemis, Eph\u00e8se, Sirince Aujourd&rsquo;hui, des incontournables culturels de [&hellip;]<\/p>\n","protected":false},"author":1,"featured_media":459,"parent":0,"menu_order":0,"comment_status":"open","ping_status":"closed","template":"","meta":[],"_links":{"self":[{"href":"https:\/\/www.goviptravel.org\/fr\/wp-json\/wp\/v2\/pages\/13"}],"collection":[{"href":"https:\/\/www.goviptravel.org\/fr\/wp-json\/wp\/v2\/pages"}],"about":[{"href":"https:\/\/www.goviptravel.org\/fr\/wp-json\/wp\/v2\/types\/page"}],"author":[{"embeddable":true,"href":"https:\/\/www.goviptravel.org\/fr\/wp-json\/wp\/v2\/users\/1"}],"replies":[{"embeddable":true,"href":"https:\/\/www.goviptravel.org\/fr\/wp-json\/wp\/v2\/comments?post=13"}],"version-history":[{"count":14,"href":"https:\/\/www.goviptravel.org\/fr\/wp-json\/wp\/v2\/pages\/13\/revisions"}],"predecessor-version":[{"id":635,"href":"https:\/\/www.goviptravel.org\/fr\/wp-json\/wp\/v2\/pages\/13\/revisions\/635"}],"wp:featuredmedia":[{"embeddable":true,"href":"https:\/\/www.goviptravel.org\/fr\/wp-json\/wp\/v2\/media\/459"}],"wp:attachment":[{"href":"https:\/\/www.goviptravel.org\/fr\/wp-json\/wp\/v2\/media?parent=13"}],"curies":[{"name":"wp","href":"https:\/\/api.w.org\/{rel}","templated":true}]}}