{"id":636,"date":"2023-08-14T12:27:30","date_gmt":"2023-08-14T12:27:30","guid":{"rendered":"https:\/\/www.goviptravel.org\/fr\/?page_id=636"},"modified":"2023-08-15T07:42:09","modified_gmt":"2023-08-15T07:42:09","slug":"cappadoce-tour","status":"publish","type":"page","link":"https:\/\/www.goviptravel.org\/fr\/cappadoce-tour\/","title":{"rendered":"Voyage au c\u0153ur de l&rsquo;Anatolie"},"content":{"rendered":"\n<h3 class=\"has-blue-color has-text-color\">Notre invitation contient les services suivants<\/h3>\n\n\n\n<ul><li>Vol de l&rsquo;a\u00e9roport souhait\u00e9 de la France ou de la Belgique directement \u00e0 la Cappadoce<ul><li><strong>2 nuits<\/strong> dans un h\u00f4tel rock en Cappadoce (en demi-pension)<\/li><li><strong>1 nuit<\/strong> \u00e0 Konya dans un h\u00f4tel (5 \u00e9toiles) (en demi-pension)<\/li><li><strong>2 nuits<\/strong> dans un h\u00f4tel thermal \u00e0 Pamukkale (en demi-pension)<\/li><li><strong>2 nuits<\/strong> dans un h\u00f4tel 5 \u00e9toiles sur la plage \u00e0 Belek-Antalya (en formule tout compris)<\/li><\/ul><\/li><li><strong>Assistance personnelle:<\/strong><\/li><li>24 heures sur 24, un guide francophone exp\u00e9riment\u00e9 et reconnu pendant tout le voyage<\/li><li>Un v\u00e9hicule VIP priv\u00e9 uniquement disponible pour vous.<\/li><li>Toutes les entr\u00e9es selon le programme.<\/li><li>6 d\u00e9jeuners pendant le voyage<\/li><li>Toutes les entr\u00e9es selon le programme de voyage<\/li><\/ul>\n\n\n\n<h2 class=\"has-red-color has-text-color\">Jour 1<\/h2>\n\n\n\n<p>Vol pour Nevsehir \/ Cappadoce &#8211; transfert \u00e0 l&rsquo;h\u00f4tel Rock Vous serez accueilli par votre guide personnel et accompagn\u00e9 \u00e0 l&rsquo;h\u00f4tel.<\/p>\n\n\n\n<figure class=\"wp-block-image size-large\"><img loading=\"lazy\" width=\"1024\" height=\"485\" src=\"https:\/\/www.goviptravel.org\/fr\/wp-content\/uploads\/sites\/5\/2023\/08\/goreme1-1024x485.jpg\" alt=\"\" class=\"wp-image-647\" srcset=\"https:\/\/www.goviptravel.org\/fr\/wp-content\/uploads\/sites\/5\/2023\/08\/goreme1-1024x485.jpg 1024w, https:\/\/www.goviptravel.org\/fr\/wp-content\/uploads\/sites\/5\/2023\/08\/goreme1-300x142.jpg 300w, https:\/\/www.goviptravel.org\/fr\/wp-content\/uploads\/sites\/5\/2023\/08\/goreme1-768x364.jpg 768w, https:\/\/www.goviptravel.org\/fr\/wp-content\/uploads\/sites\/5\/2023\/08\/goreme1-1536x728.jpg 1536w, https:\/\/www.goviptravel.org\/fr\/wp-content\/uploads\/sites\/5\/2023\/08\/goreme1.jpg 1600w\" sizes=\"(max-width: 1024px) 100vw, 1024px\" \/><\/figure>\n\n\n\n<h2 class=\"has-red-color has-text-color\">Jour 2<\/h2>\n\n\n\n<h3 class=\"has-blue-color has-text-color\">Visite des points forts de la Cappadoce &#8211; dans le pays du patrimoine culturel mondial de l&rsquo;UNESCO<\/h3>\n\n\n\n<p>Aujourd&rsquo;hui, nous explorons les caract\u00e9ristiques naturelles et culturelles de la Cappadoce <\/p>\n\n\n\n<p><strong>La vall\u00e9e de G\u00f6reme<\/strong> comme refuge pour les ermites transmet le mode de vie unique des moines du christianisme primitif avec des \u00e9glises et des monast\u00e8res aux couleurs vives<\/p>\n\n\n\n<p><strong>Sinasos<\/strong>, ancien village grec avec environ 30 \u00e9glises, est aujourd&rsquo;hui un village mus\u00e9e. Les sculptures en pierre sp\u00e9ciales sur de nombreux b\u00e2timents sont encore impressionnantes aujourd&rsquo;hui.<\/p>\n\n\n\n<p><strong>Vall\u00e9e de Zelve<\/strong>, \u00e0 pied, nous traversons la vall\u00e9e d\u00e9serte de Zelve, o\u00f9 jusqu&rsquo;\u00e0 35 000 personnes vivaient autrefois et d\u00e9couvrons de nombreux appartements cach\u00e9s, \u00e9glises, galeries et monast\u00e8res dans ce lieu unique.<\/p>\n\n\n\n<p><strong>Avanos sur la rivi\u00e8re Kizhirmak<\/strong>, la ville d&rsquo;Avanos, impressionne ses visiteurs non seulement avec son heritage culturel mais aussi avec sa poterie unique. Nous vous invitons \u00e0 prendre un th\u00e9 local au bord de la rivi\u00e8re Kizilirmak &#8211; (la rivi\u00e8re rouge), qui est la plus longue rivi\u00e8re du pays \u00e0 1355 km<\/p>\n\n\n\n<p><strong>La vall\u00e9e de l&rsquo;amour<\/strong>, les formations en forme de colonne de la vall\u00e9e de l&rsquo;amour sont un paradis pour les amateurs de photo. Avec une courte promenade, nous nous approchons de ces colonnes de tuf pour voir comment elles ont \u00e9t\u00e9 cr\u00e9\u00e9es de pr\u00e8s.<\/p>\n\n\n\n<h2 class=\"has-red-color has-text-color\">Jour 3<\/h2>\n\n\n\n<h3 class=\"has-blue-color has-text-color\">La vall\u00e9e d&rsquo;Ihlara-Ville souterraine Kaymakli-Lac de crat\u00e8re<\/h3>\n\n\n\n<p>La vall\u00e9e d&rsquo;Ihlara est l&rsquo;un des paysages les plus impressionnants de la Cappadoce. La gorge creus\u00e9e par la rivi\u00e8re Melendiz contient les \u00e9glises et les monast\u00e8res les plus int\u00e9ressants des r\u00e9gions qui ont \u00e9t\u00e9 creus\u00e9s dans les parois lat\u00e9rales des rochers.<\/p>\n\n\n\n<p>Au pays des villes souterraines, nous visiterons l&rsquo;une des plus grandes de ces colonies de 8 \u00e9tages \u00e0 Kaymakli.<\/p>\n\n\n\n<p>Lac de crat\u00e8re NarliG\u00f6l, le seul lac de crat\u00e8re de Cappadoce et situ\u00e9 \u00e0 une altitude de 1370 m. Avec sa profondeur de 80 m et son riche soufre, il brille au milieu des montagnes comme une perle dans ce paysage aride.<\/p>\n\n\n\n<figure class=\"wp-block-image size-full\"><img loading=\"lazy\" width=\"1024\" height=\"538\" src=\"https:\/\/www.goviptravel.org\/fr\/wp-content\/uploads\/sites\/5\/2023\/08\/sema1.jpg\" alt=\"\" class=\"wp-image-658\" srcset=\"https:\/\/www.goviptravel.org\/fr\/wp-content\/uploads\/sites\/5\/2023\/08\/sema1.jpg 1024w, https:\/\/www.goviptravel.org\/fr\/wp-content\/uploads\/sites\/5\/2023\/08\/sema1-300x158.jpg 300w, https:\/\/www.goviptravel.org\/fr\/wp-content\/uploads\/sites\/5\/2023\/08\/sema1-768x404.jpg 768w\" sizes=\"(max-width: 1024px) 100vw, 1024px\" \/><\/figure>\n\n\n\n<h2 class=\"has-red-color has-text-color\">Jour 4<\/h2>\n\n\n\n<h3 class=\"has-blue-color has-text-color\">Konya-Pamukkale<\/h3>\n\n\n\n<p>Aujourd&rsquo;hui, nous traversons le centre de l&rsquo;Anatolie en passant par des champs de c\u00e9r\u00e9ales sans fin et bord\u00e9s de nombreux petits villages. En chemin, nous visitons la ville des derviches tourneurs Konya avec le mus\u00e9e Mevlana. Nous arrivons \u00e0 Pamukkale en fin d&rsquo;apr\u00e8s-midi.<\/p>\n\n\n\n<figure class=\"wp-block-image size-large\"><img loading=\"lazy\" width=\"1024\" height=\"403\" src=\"https:\/\/www.goviptravel.org\/fr\/wp-content\/uploads\/sites\/5\/2022\/04\/pamukkale0-1-1024x403.jpg\" alt=\"\" class=\"wp-image-467\" srcset=\"https:\/\/www.goviptravel.org\/fr\/wp-content\/uploads\/sites\/5\/2022\/04\/pamukkale0-1-1024x403.jpg 1024w, https:\/\/www.goviptravel.org\/fr\/wp-content\/uploads\/sites\/5\/2022\/04\/pamukkale0-1-300x118.jpg 300w, https:\/\/www.goviptravel.org\/fr\/wp-content\/uploads\/sites\/5\/2022\/04\/pamukkale0-1-768x302.jpg 768w, https:\/\/www.goviptravel.org\/fr\/wp-content\/uploads\/sites\/5\/2022\/04\/pamukkale0-1-1536x604.jpg 1536w, https:\/\/www.goviptravel.org\/fr\/wp-content\/uploads\/sites\/5\/2022\/04\/pamukkale0-1.jpg 1920w\" sizes=\"(max-width: 1024px) 100vw, 1024px\" \/><\/figure>\n\n\n\n<h2 class=\"has-red-color has-text-color\">Jour 5<\/h2>\n\n\n\n<h3 class=\"has-blue-color has-text-color\">Pamukkale &#8211; Hierapolis<\/h3>\n\n\n\n<p>Aujourd&rsquo;hui, nous nous consacrons \u00e0 la culture color\u00e9e de Pamukkale, avec son impressionnante pelouse de chaux fritt\u00e9e et l&rsquo;ancienne Hi\u00e9rapolis fra\u00eechement fouill\u00e9e (UNESCO CULTURE MONDIALE ET PATRIMOINE NATUREL).<br>Dans l&rsquo;apr\u00e8s-midi, vous avez suffisamment de temps pour essayer les fabuleux thermes de votre h\u00f4tel.<\/p>\n\n\n\n<h2 class=\"has-red-color has-text-color\">Jour 6<\/h2>\n\n\n\n<h3 class=\"has-blue-color has-text-color\">Antalya<\/h3>\n\n\n\n<p>Apr\u00e8s le petit-d\u00e9jeuner avec un d\u00e9licieux B\u00f6rek et des figues s\u00e9ch\u00e9es de la r\u00e9gion, nous nous dirigeons vers la c\u00f4te sud et traversons les montagnes du Taurus \u00e0 2000 m d&rsquo;altitude. En passant par les colonies nomades et les paysages arides, nous atteignons le centre de tapis, o\u00f9 nous seront chaleureusement accueillis par le Directeur<br>G\u00e9n\u00e9ral, M. Savas Zorlu. En fin d&rsquo;apr\u00e8s-midi, nous sommes d\u00e9j\u00e0 sur la c\u00f4te m\u00e9diterran\u00e9enne.<\/p>\n\n\n\n<h2 class=\"has-red-color has-text-color\">Jour 7<\/h2>\n\n\n\n<h3 class=\"has-blue-color has-text-color\">Antalya- Le c\u0153ur de la c\u00f4te<\/h3>\n\n\n\n<p>Aujourd&rsquo;hui, nous faisons un d\u00e9tour par la capitale provinciale Antalya, qui est l&rsquo;une des destinations de vacances les plus importantes au monde. La vieille ville, la promonade et la cascade de D\u00fcden sont parmi les principales attractions.<\/p>\n\n\n\n<h2 class=\"has-red-color has-text-color\">Jour 8<\/h2>\n\n\n\n<h3 class=\"has-blue-color has-text-color\">D\u00e9part G\u00fcle G\u00fcle<\/h3>\n\n\n\n<p>Maintenant, il est temps de dire au revoir et d&rsquo;esp\u00e9rer nous revoir dans les ann\u00e9es \u00e0 venir.<\/p>\n","protected":false},"excerpt":{"rendered":"<p>Notre invitation contient les services suivants Vol de l&rsquo;a\u00e9roport souhait\u00e9 de la France ou de la Belgique directement \u00e0 la Cappadoce 2 nuits dans un h\u00f4tel rock en Cappadoce (en demi-pension) 1 nuit \u00e0 Konya dans un h\u00f4tel (5 \u00e9toiles) (en demi-pension) 2 nuits dans un h\u00f4tel thermal \u00e0 Pamukkale (en demi-pension) 2 nuits dans [&hellip;]<\/p>\n","protected":false},"author":1,"featured_media":638,"parent":0,"menu_order":0,"comment_status":"closed","ping_status":"closed","template":"","meta":[],"_links":{"self":[{"href":"https:\/\/www.goviptravel.org\/fr\/wp-json\/wp\/v2\/pages\/636"}],"collection":[{"href":"https:\/\/www.goviptravel.org\/fr\/wp-json\/wp\/v2\/pages"}],"about":[{"href":"https:\/\/www.goviptravel.org\/fr\/wp-json\/wp\/v2\/types\/page"}],"author":[{"embeddable":true,"href":"https:\/\/www.goviptravel.org\/fr\/wp-json\/wp\/v2\/users\/1"}],"replies":[{"embeddable":true,"href":"https:\/\/www.goviptravel.org\/fr\/wp-json\/wp\/v2\/comments?post=636"}],"version-history":[{"count":21,"href":"https:\/\/www.goviptravel.org\/fr\/wp-json\/wp\/v2\/pages\/636\/revisions"}],"predecessor-version":[{"id":669,"href":"https:\/\/www.goviptravel.org\/fr\/wp-json\/wp\/v2\/pages\/636\/revisions\/669"}],"wp:featuredmedia":[{"embeddable":true,"href":"https:\/\/www.goviptravel.org\/fr\/wp-json\/wp\/v2\/media\/638"}],"wp:attachment":[{"href":"https:\/\/www.goviptravel.org\/fr\/wp-json\/wp\/v2\/media?parent=636"}],"curies":[{"name":"wp","href":"https:\/\/api.w.org\/{rel}","templated":true}]}}