{"id":8,"date":"2019-08-28T09:08:36","date_gmt":"2019-08-28T09:08:36","guid":{"rendered":"http:\/\/demo.keonthemes.com\/travelbiz\/?page_id=8"},"modified":"2023-08-14T08:33:18","modified_gmt":"2023-08-14T08:33:18","slug":"voyage-de-repos","status":"publish","type":"page","link":"https:\/\/www.goviptravel.org\/fr\/voyage-de-repos\/","title":{"rendered":"pour un s\u00e9jour magique et inoubliable"},"content":{"rendered":"\n<h2 class=\"has-red-color has-text-color\">Jour 1<\/h2>\n\n\n\n<h3>Arriv\u00e9e \u00e0 Antalya<\/h3>\n\n\n\n<p>Lorsque vous arrivez \u00e0 l&rsquo;a\u00e9roport international d&rsquo;Antalya, vous serez personnellement accueilli par votre guide qui vous accompagnera jusqu&rsquo;\u00e0 votre h\u00f4tel avec un transfert VIP. Apr\u00e8s l&rsquo;enregistrement de l&rsquo;h\u00f4tel. D\u00eener et nuit \u00e0 l&rsquo;h\u00f4tel 5 \u00e9toiles**<\/p>\n\n\n\n<ul><li>Akra Antalya (<a href=\"http:\/\/www.akrahotels.com\">http:\/\/www.akrahotels.com<\/a>)<\/li><li>Calista Luxury Resort (<a href=\"http:\/\/www.calista.com.tr\">http:\/\/www.calista.com.tr<\/a>)<\/li><li>Rixos DownTown Antalya (<a href=\"http:\/\/www.rixos.com\">http:\/\/www.rixos.com<\/a>)<\/li><li>Titanic Deluxe Golf Belek (<a href=\"http:\/\/www.titanic.com.tr\">http:\/\/www.titanic.com.tr<\/a>)<\/li><\/ul>\n\n\n\n<figure class=\"wp-block-image size-full\"><img loading=\"lazy\" width=\"2100\" height=\"800\" src=\"https:\/\/www.goviptravel.org\/fr\/wp-content\/uploads\/sites\/5\/2022\/04\/titanic2.jpg\" alt=\"\" class=\"wp-image-449\" srcset=\"https:\/\/www.goviptravel.org\/fr\/wp-content\/uploads\/sites\/5\/2022\/04\/titanic2.jpg 2100w, https:\/\/www.goviptravel.org\/fr\/wp-content\/uploads\/sites\/5\/2022\/04\/titanic2-300x114.jpg 300w, https:\/\/www.goviptravel.org\/fr\/wp-content\/uploads\/sites\/5\/2022\/04\/titanic2-1024x390.jpg 1024w, https:\/\/www.goviptravel.org\/fr\/wp-content\/uploads\/sites\/5\/2022\/04\/titanic2-768x293.jpg 768w, https:\/\/www.goviptravel.org\/fr\/wp-content\/uploads\/sites\/5\/2022\/04\/titanic2-1536x585.jpg 1536w, https:\/\/www.goviptravel.org\/fr\/wp-content\/uploads\/sites\/5\/2022\/04\/titanic2-2048x780.jpg 2048w\" sizes=\"(max-width: 2100px) 100vw, 2100px\" \/><\/figure>\n\n\n\n<h2 class=\"has-red-color has-text-color\">Jour 2<\/h2>\n\n\n\n<h3>Excursion Nature Pure ou Aspendos<\/h3>\n\n\n\n<p>Aujourd&rsquo;hui, vous pouvez \u00e9galement faire votre premi\u00e8re excursion \u00e0 l&rsquo;amphith\u00e9\u00e2tre Aspendos, de renomm\u00e9e mondiale, \u00e0 proximit\u00e9. Votre guide se fera un plaisir de vous aider pour ce court voyage.<\/p>\n\n\n\n<figure class=\"wp-block-image size-full\"><img loading=\"lazy\" width=\"1920\" height=\"755\" src=\"https:\/\/www.goviptravel.org\/fr\/wp-content\/uploads\/sites\/5\/2022\/04\/pamukkale0.jpg\" alt=\"\" class=\"wp-image-453\" srcset=\"https:\/\/www.goviptravel.org\/fr\/wp-content\/uploads\/sites\/5\/2022\/04\/pamukkale0.jpg 1920w, https:\/\/www.goviptravel.org\/fr\/wp-content\/uploads\/sites\/5\/2022\/04\/pamukkale0-300x118.jpg 300w, https:\/\/www.goviptravel.org\/fr\/wp-content\/uploads\/sites\/5\/2022\/04\/pamukkale0-1024x403.jpg 1024w, https:\/\/www.goviptravel.org\/fr\/wp-content\/uploads\/sites\/5\/2022\/04\/pamukkale0-768x302.jpg 768w, https:\/\/www.goviptravel.org\/fr\/wp-content\/uploads\/sites\/5\/2022\/04\/pamukkale0-1536x604.jpg 1536w\" sizes=\"(max-width: 1920px) 100vw, 1920px\" \/><\/figure>\n\n\n\n<h2 class=\"has-red-color has-text-color\">Jour 3<\/h2>\n\n\n\n<h3>Pamukkale<\/h3>\n\n\n\n<p>Apr\u00e8s un petit d\u00e9jeuner tranquille, nous nous dirigeons aujourd&rsquo;hui vers les montagnes, \u00e0 2500 m\u00e8tres d&rsquo;altitude, le paysage montagneux du Taurus avec ses authentiques villages nomades. Apr\u00e8s le d\u00e9jeuner, notre plan est de continuer vers Pamukkale. De loin, vous pouvez d\u00e9i\u00e0 voir l&rsquo;\u00e9clat des terrasses de calcaire fritt\u00e9 de Pamukkale.<\/p>\n\n\n\n<p><br>Au fil des mill\u00e9naires, ce ch\u00e2teau de coton a \u00e9t\u00e9 form\u00e9 par le ruissellement de l&rsquo;eau de source thermale chaude sur le bord du rocher, cr\u00e9ant un paysage de conte de f\u00e9es qui est un site du patrimoine culturel et naturel de l&rsquo;UNESCO depuis 1988. Les habitants ne jurent que par les effets curatifs de l&rsquo;eau thermale apr\u00e8s une promenade pieds nus. Le d\u00eener et la nuit seront \u00e0 Pamukkale \u00e0 l&rsquo;h\u00f4tel 5 \u00e9toiles.<\/p>\n\n\n\n<figure class=\"wp-block-image size-full\"><img loading=\"lazy\" width=\"1921\" height=\"756\" src=\"https:\/\/www.goviptravel.org\/fr\/wp-content\/uploads\/sites\/5\/2022\/04\/carpet0.jpg\" alt=\"\" class=\"wp-image-456\" srcset=\"https:\/\/www.goviptravel.org\/fr\/wp-content\/uploads\/sites\/5\/2022\/04\/carpet0.jpg 1921w, https:\/\/www.goviptravel.org\/fr\/wp-content\/uploads\/sites\/5\/2022\/04\/carpet0-300x118.jpg 300w, https:\/\/www.goviptravel.org\/fr\/wp-content\/uploads\/sites\/5\/2022\/04\/carpet0-1024x403.jpg 1024w, https:\/\/www.goviptravel.org\/fr\/wp-content\/uploads\/sites\/5\/2022\/04\/carpet0-768x302.jpg 768w, https:\/\/www.goviptravel.org\/fr\/wp-content\/uploads\/sites\/5\/2022\/04\/carpet0-1536x604.jpg 1536w\" sizes=\"(max-width: 1921px) 100vw, 1921px\" \/><\/figure>\n\n\n\n<h2 class=\"has-red-color has-text-color\">Jour 4<\/h2>\n\n\n\n<h3>Hi\u00e9rapolis et rencontre avec M. Savas Zorlu<\/h3>\n\n\n\n<p>Apr\u00e8s le petit d\u00e9jeuner, l&rsquo;ancienne Hi\u00e9rapolis jouxtant la terrasse en calcaire fritt\u00e9 est au programme aujourd&rsquo;hui. Avec plus de 1200 saprophytes, Hi\u00e9rapolis est l&rsquo;une des plus grandes n\u00e9cropoles antiques d&rsquo;Asie Mineure. L&rsquo;amphith\u00e9\u00e2tre offre une vue magnifique sur la Vall\u00e9e du M\u00e9andre. Les ruines de l&rsquo;ancienne Hi\u00e9rapolis se trouvent le long de la route bord\u00e9e de piliers de 1200 m de long et 6 m de large qui part du plateau des terrasses calcaires de Pamukkale dans une direction nord-sud.<\/p>\n\n\n\n<p>Puis, Nous visiterons le centre artisanal de tapis dans les montagnes du Taurus o\u00f9 M. Savas Zorlu vous attend en personne pour vous offrir votre cadeau personnel et vous pr\u00e9senter les nouvelles collections de tapis. Nous continuerons vers Antalya apr\u00e8s notre visite. Nuit \u00e0 Antalya.<\/p>\n\n\n\n<h2 class=\"has-red-color has-text-color\">Jour 5-6<\/h2>\n\n\n\n<h3>Excursion de loisirs dans la vieille ville d&rsquo;Antalya<\/h3>\n\n\n\n<p>Plongez-vous dans le monde du SPA en tant qu&rsquo;h\u00f4tel et oubliez simplement la vie quotidienne pendant quelques heures de d\u00e9tente absolue.<\/p>\n\n\n\n<p><br>Dans l&rsquo;apr\u00e8s-midi, vous avez encore l&rsquo;occasion de faire un voyage dans la vieille ville pittoresque avec le port historique, la c\u00e9l\u00e8bre porte d&rsquo;Hadrien et le centre d&rsquo;Antalya. La cascade de D\u00fcden et la promenade ne sont que deux des nombreuses autres attractions d&rsquo;Antalya.<\/p>\n\n\n\n<h2 class=\"has-red-color has-text-color\">Jour 7<\/h2>\n\n\n\n<h3>Voyage de retour, au revoir ou \u00ab\u00a0G\u00fcle G\u00fcle\u00a0\u00bb<\/h3>\n\n\n\n<p>Malheureusement, les six jours pr\u00e9vus sont d\u00e9j\u00e0 termin\u00e9s. Transfert \u00e0 l&rsquo;a\u00e9roport accompagn\u00e9 de votre guide personnel et heure de d\u00e9part. Esp\u00e9rons que cette invitation a fait un petit changement dans votre vie quotidienne et que vous avez pass\u00e9 un s\u00e9jour agr\u00e9able avec beaucoup de joie et de plaisir. Nous vous souhaitons un bon retour et nous nous r\u00e9jouissons de vous revoir bient\u00f4t.<\/p>\n","protected":false},"excerpt":{"rendered":"<p>Jour 1 Arriv\u00e9e \u00e0 Antalya Lorsque vous arrivez \u00e0 l&rsquo;a\u00e9roport international d&rsquo;Antalya, vous serez personnellement accueilli par votre guide qui vous accompagnera jusqu&rsquo;\u00e0 votre h\u00f4tel avec un transfert VIP. Apr\u00e8s l&rsquo;enregistrement de l&rsquo;h\u00f4tel. D\u00eener et nuit \u00e0 l&rsquo;h\u00f4tel 5 \u00e9toiles** Akra Antalya (http:\/\/www.akrahotels.com) Calista Luxury Resort (http:\/\/www.calista.com.tr) Rixos DownTown Antalya (http:\/\/www.rixos.com) Titanic Deluxe Golf Belek [&hellip;]<\/p>\n","protected":false},"author":1,"featured_media":445,"parent":0,"menu_order":0,"comment_status":"open","ping_status":"closed","template":"","meta":[],"_links":{"self":[{"href":"https:\/\/www.goviptravel.org\/fr\/wp-json\/wp\/v2\/pages\/8"}],"collection":[{"href":"https:\/\/www.goviptravel.org\/fr\/wp-json\/wp\/v2\/pages"}],"about":[{"href":"https:\/\/www.goviptravel.org\/fr\/wp-json\/wp\/v2\/types\/page"}],"author":[{"embeddable":true,"href":"https:\/\/www.goviptravel.org\/fr\/wp-json\/wp\/v2\/users\/1"}],"replies":[{"embeddable":true,"href":"https:\/\/www.goviptravel.org\/fr\/wp-json\/wp\/v2\/comments?post=8"}],"version-history":[{"count":14,"href":"https:\/\/www.goviptravel.org\/fr\/wp-json\/wp\/v2\/pages\/8\/revisions"}],"predecessor-version":[{"id":628,"href":"https:\/\/www.goviptravel.org\/fr\/wp-json\/wp\/v2\/pages\/8\/revisions\/628"}],"wp:featuredmedia":[{"embeddable":true,"href":"https:\/\/www.goviptravel.org\/fr\/wp-json\/wp\/v2\/media\/445"}],"wp:attachment":[{"href":"https:\/\/www.goviptravel.org\/fr\/wp-json\/wp\/v2\/media?parent=8"}],"curies":[{"name":"wp","href":"https:\/\/api.w.org\/{rel}","templated":true}]}}